{"id":2671,"date":"2021-09-30T14:07:57","date_gmt":"2021-09-30T12:07:57","guid":{"rendered":"https:\/\/www.drhaffani.com\/navigation-3d\/"},"modified":"2021-10-18T14:17:53","modified_gmt":"2021-10-18T12:17:53","slug":"navigation-3d","status":"publish","type":"page","link":"https:\/\/www.drhaffani.com\/de\/navigation-3d\/","title":{"rendered":"3D-Navigation"},"content":{"rendered":"[vc_row type=&#8220;in_container&#8220; full_screen_row_position=&#8220;middle&#8220; column_margin=&#8220;default&#8220; column_direction=&#8220;default&#8220; column_direction_tablet=&#8220;default&#8220; column_direction_phone=&#8220;default&#8220; scene_position=&#8220;center&#8220; text_color=&#8220;dark&#8220; text_align=&#8220;left&#8220; row_border_radius=&#8220;none&#8220; row_border_radius_applies=&#8220;bg&#8220; overlay_strength=&#8220;0.3&#8243; gradient_direction=&#8220;left_to_right&#8220; shape_divider_position=&#8220;bottom&#8220; bg_image_animation=&#8220;none&#8220;][vc_column column_padding=&#8220;no-extra-padding&#8220; column_padding_tablet=&#8220;inherit&#8220; column_padding_phone=&#8220;inherit&#8220; column_padding_position=&#8220;all&#8220; background_color_opacity=&#8220;1&#8243; background_hover_color_opacity=&#8220;1&#8243; column_shadow=&#8220;none&#8220; column_border_radius=&#8220;none&#8220; column_link_target=&#8220;_self&#8220; gradient_direction=&#8220;left_to_right&#8220; overlay_strength=&#8220;0.3&#8243; width=&#8220;1\/1&#8243; tablet_width_inherit=&#8220;default&#8220; tablet_text_alignment=&#8220;default&#8220; phone_text_alignment=&#8220;default&#8220; column_border_width=&#8220;none&#8220; column_border_style=&#8220;solid&#8220; bg_image_animation=&#8220;none&#8220;][divider line_type=&#8220;No Line&#8220; custom_height=&#8220;100&#8243;][\/vc_column][\/vc_row][vc_row type=&#8220;in_container&#8220; full_screen_row_position=&#8220;middle&#8220; column_margin=&#8220;default&#8220; column_direction=&#8220;default&#8220; column_direction_tablet=&#8220;default&#8220; column_direction_phone=&#8220;default&#8220; scene_position=&#8220;center&#8220; text_color=&#8220;dark&#8220; text_align=&#8220;left&#8220; row_border_radius=&#8220;none&#8220; row_border_radius_applies=&#8220;bg&#8220; overlay_strength=&#8220;0.3&#8243; gradient_direction=&#8220;left_to_right&#8220; shape_divider_position=&#8220;bottom&#8220; bg_image_animation=&#8220;none&#8220;][vc_column column_padding=&#8220;no-extra-padding&#8220; column_padding_tablet=&#8220;inherit&#8220; column_padding_phone=&#8220;inherit&#8220; column_padding_position=&#8220;all&#8220; background_color_opacity=&#8220;1&#8243; background_hover_color_opacity=&#8220;1&#8243; column_shadow=&#8220;none&#8220; column_border_radius=&#8220;none&#8220; column_link_target=&#8220;_self&#8220; gradient_direction=&#8220;left_to_right&#8220; overlay_strength=&#8220;0.3&#8243; width=&#8220;1\/1&#8243; tablet_width_inherit=&#8220;default&#8220; tablet_text_alignment=&#8220;default&#8220; phone_text_alignment=&#8220;default&#8220; column_border_width=&#8220;none&#8220; column_border_style=&#8220;solid&#8220; bg_image_animation=&#8220;none&#8220;][vc_column_text]\n<h1>3D Navigation In Der Implantologie<\/h1>\n[\/vc_column_text][divider line_type=&#8220;Small Line&#8220; line_alignment=&#8220;default&#8220; line_thickness=&#8220;2&#8243; divider_color=&#8220;extra-color-1&#8243; custom_height=&#8220;100&#8243; custom_line_width=&#8220;150&#8243;][vc_column_text]<strong>Hochpr\u00e4zise und sichere<\/strong> Operationsplanung f\u00fcr Zahnimplantate<br \/>\nUm die chirurgischen Risiken zu minimieren und maximale Sicherheit bei chirurgischen Eingriffen, insbesondere in der Implantologie, zu gew\u00e4hrleisten, planen wir mit <strong>3D-Technologie<\/strong>.<\/p>\n<p>Mit dem praxiseigenen <strong>3D-Scanner<\/strong> (digitales R\u00f6ntgenger\u00e4t) k\u00f6nnen wir nicht nur einfache Panorama-Aufnahmen f\u00fcr die allgemeine zahn\u00e4rztliche Versorgung machen, sondern auch <strong>detaillierte 3D-Aufnahmen<\/strong> ganzer Kiefer.<\/p>\n<p>So k\u00f6nnen wir wichtige anatomische Strukturen und m\u00f6gliche Gefahren w\u00e4hrend einer Operation schon im Vorfeld erkennen. Die Behandlung wird dann unter Ber\u00fccksichtigung aller verf\u00fcgbaren Daten durchgef\u00fchrt. Ihre Sicherheit ist unser wichtigstes Anliegen[\/vc_column_text][\/vc_column][\/vc_row][vc_row type=&#8220;in_container&#8220; full_screen_row_position=&#8220;middle&#8220; column_margin=&#8220;default&#8220; column_direction=&#8220;default&#8220; column_direction_tablet=&#8220;default&#8220; column_direction_phone=&#8220;default&#8220; scene_position=&#8220;center&#8220; text_color=&#8220;dark&#8220; text_align=&#8220;left&#8220; row_border_radius=&#8220;none&#8220; row_border_radius_applies=&#8220;bg&#8220; overlay_strength=&#8220;0.3&#8243; gradient_direction=&#8220;left_to_right&#8220; shape_divider_position=&#8220;bottom&#8220; bg_image_animation=&#8220;none&#8220;][vc_column column_padding=&#8220;no-extra-padding&#8220; column_padding_tablet=&#8220;inherit&#8220; column_padding_phone=&#8220;inherit&#8220; column_padding_position=&#8220;all&#8220; background_color_opacity=&#8220;1&#8243; background_hover_color_opacity=&#8220;1&#8243; column_shadow=&#8220;none&#8220; column_border_radius=&#8220;none&#8220; column_link_target=&#8220;_self&#8220; gradient_direction=&#8220;left_to_right&#8220; overlay_strength=&#8220;0.3&#8243; width=&#8220;1\/2&#8243; tablet_width_inherit=&#8220;default&#8220; tablet_text_alignment=&#8220;default&#8220; phone_text_alignment=&#8220;default&#8220; column_border_width=&#8220;none&#8220; column_border_style=&#8220;solid&#8220; bg_image_animation=&#8220;none&#8220;][nectar_video_player_self_hosted video_webm=&#8220;https:\/\/www.drhaffani.com\/wp-content\/uploads\/2021\/06\/Projet-mostefa-1.mp4&#8243; border_radius=&#8220;none&#8220; box_shadow=&#8220;none&#8220;][\/vc_column][vc_column column_padding=&#8220;no-extra-padding&#8220; column_padding_tablet=&#8220;inherit&#8220; column_padding_phone=&#8220;inherit&#8220; column_padding_position=&#8220;all&#8220; background_color_opacity=&#8220;1&#8243; background_hover_color_opacity=&#8220;1&#8243; column_shadow=&#8220;none&#8220; column_border_radius=&#8220;none&#8220; column_link_target=&#8220;_self&#8220; gradient_direction=&#8220;left_to_right&#8220; overlay_strength=&#8220;0.3&#8243; width=&#8220;1\/2&#8243; tablet_width_inherit=&#8220;default&#8220; tablet_text_alignment=&#8220;default&#8220; phone_text_alignment=&#8220;default&#8220; column_border_width=&#8220;none&#8220; column_border_style=&#8220;solid&#8220; bg_image_animation=&#8220;none&#8220;][vc_gallery type=&#8220;nectarslider_style&#8220; images=&#8220;2074,1830,1829,1832,1831&#8243; image_loading=&#8220;default&#8220; disable_auto_rotate=&#8220;true&#8220; bullet_navigation_style=&#8220;see_through&#8220; onclick=&#8220;link_no&#8220;][\/vc_column][\/vc_row][vc_row type=&#8220;in_container&#8220; full_screen_row_position=&#8220;middle&#8220; column_margin=&#8220;default&#8220; column_direction=&#8220;default&#8220; column_direction_tablet=&#8220;default&#8220; column_direction_phone=&#8220;default&#8220; scene_position=&#8220;center&#8220; text_color=&#8220;dark&#8220; text_align=&#8220;left&#8220; row_border_radius=&#8220;none&#8220; row_border_radius_applies=&#8220;bg&#8220; overlay_strength=&#8220;0.3&#8243; gradient_direction=&#8220;left_to_right&#8220; shape_divider_position=&#8220;bottom&#8220; bg_image_animation=&#8220;none&#8220;][vc_column column_padding=&#8220;no-extra-padding&#8220; column_padding_tablet=&#8220;inherit&#8220; column_padding_phone=&#8220;inherit&#8220; column_padding_position=&#8220;all&#8220; background_color_opacity=&#8220;1&#8243; background_hover_color_opacity=&#8220;1&#8243; column_shadow=&#8220;none&#8220; column_border_radius=&#8220;none&#8220; column_link_target=&#8220;_self&#8220; gradient_direction=&#8220;left_to_right&#8220; overlay_strength=&#8220;0.3&#8243; width=&#8220;1\/1&#8243; tablet_width_inherit=&#8220;default&#8220; tablet_text_alignment=&#8220;default&#8220; phone_text_alignment=&#8220;default&#8220; column_border_width=&#8220;none&#8220; column_border_style=&#8220;solid&#8220; bg_image_animation=&#8220;none&#8220;][divider line_type=&#8220;No Line&#8220; custom_height=&#8220;30&#8243;][\/vc_column][\/vc_row]\n","protected":false},"excerpt":{"rendered":"<p>[vc_row type=&#8220;in_container&#8220; full_screen_row_position=&#8220;middle&#8220; column_margin=&#8220;default&#8220; column_direction=&#8220;default&#8220; column_direction_tablet=&#8220;default&#8220; column_direction_phone=&#8220;default&#8220; scene_position=&#8220;center&#8220; text_color=&#8220;dark&#8220; text_align=&#8220;left&#8220; row_border_radius=&#8220;none&#8220; row_border_radius_applies=&#8220;bg&#8220; overlay_strength=&#8220;0.3&#8243; gradient_direction=&#8220;left_to_right&#8220; shape_divider_position=&#8220;bottom&#8220; bg_image_animation=&#8220;none&#8220;][vc_column column_padding=&#8220;no-extra-padding&#8220; column_padding_tablet=&#8220;inherit&#8220; column_padding_phone=&#8220;inherit&#8220; column_padding_position=&#8220;all&#8220; background_color_opacity=&#8220;1&#8243; background_hover_color_opacity=&#8220;1&#8243; column_shadow=&#8220;none&#8220; column_border_radius=&#8220;none&#8220; column_link_target=&#8220;_self&#8220; gradient_direction=&#8220;left_to_right&#8220; overlay_strength=&#8220;0.3&#8243; width=&#8220;1\/1&#8243; tablet_width_inherit=&#8220;default&#8220; tablet_text_alignment=&#8220;default&#8220;&#8230;<\/p>\n","protected":false},"author":2,"featured_media":0,"parent":0,"menu_order":0,"comment_status":"closed","ping_status":"closed","template":"","meta":{"_monsterinsights_skip_tracking":false,"_monsterinsights_sitenote_active":false,"_monsterinsights_sitenote_note":"","_monsterinsights_sitenote_category":0,"footnotes":""},"class_list":["post-2671","page","type-page","status-publish"],"yoast_head":"<!-- This site is optimized with the Yoast SEO plugin v19.1 - https:\/\/yoast.com\/wordpress\/plugins\/seo\/ -->\n<title>3D-Navigation - Dr Slim Haffani Chirurgien Dentiste<\/title>\n<meta name=\"robots\" content=\"index, follow, max-snippet:-1, max-image-preview:large, max-video-preview:-1\" \/>\n<link rel=\"canonical\" href=\"https:\/\/www.drhaffani.com\/navigation-3d\/?lang=de\" \/>\n<meta property=\"og:locale\" content=\"de_DE\" \/>\n<meta property=\"og:type\" content=\"article\" \/>\n<meta property=\"og:title\" content=\"3D-Navigation - Dr Slim Haffani Chirurgien Dentiste\" \/>\n<meta property=\"og:description\" content=\"[vc_row type=&#8220;in_container&#8220; full_screen_row_position=&#8220;middle&#8220; column_margin=&#8220;default&#8220; column_direction=&#8220;default&#8220; column_direction_tablet=&#8220;default&#8220; column_direction_phone=&#8220;default&#8220; scene_position=&#8220;center&#8220; text_color=&#8220;dark&#8220; text_align=&#8220;left&#8220; row_border_radius=&#8220;none&#8220; row_border_radius_applies=&#8220;bg&#8220; overlay_strength=&#8220;0.3&#8243; gradient_direction=&#8220;left_to_right&#8220; shape_divider_position=&#8220;bottom&#8220; bg_image_animation=&#8220;none&#8220;][vc_column column_padding=&#8220;no-extra-padding&#8220; column_padding_tablet=&#8220;inherit&#8220; column_padding_phone=&#8220;inherit&#8220; column_padding_position=&#8220;all&#8220; background_color_opacity=&#8220;1&#8243; background_hover_color_opacity=&#8220;1&#8243; column_shadow=&#8220;none&#8220; column_border_radius=&#8220;none&#8220; column_link_target=&#8220;_self&#8220; gradient_direction=&#8220;left_to_right&#8220; overlay_strength=&#8220;0.3&#8243; width=&#8220;1\/1&#8243; tablet_width_inherit=&#8220;default&#8220; tablet_text_alignment=&#8220;default&#8220;...\" \/>\n<meta property=\"og:url\" content=\"https:\/\/www.drhaffani.com\/navigation-3d\/?lang=de\" \/>\n<meta property=\"og:site_name\" content=\"Dr Slim Haffani Chirurgien Dentiste\" \/>\n<meta property=\"article:publisher\" content=\"https:\/\/www.facebook.com\/slim.h.cannes\/\" \/>\n<meta property=\"article:modified_time\" content=\"2021-10-18T12:17:53+00:00\" \/>\n<meta name=\"twitter:card\" content=\"summary_large_image\" \/>\n<meta name=\"twitter:label1\" content=\"Gesch\u00e4tzte Lesezeit\" \/>\n\t<meta name=\"twitter:data1\" content=\"4\u00a0Minuten\" \/>\n<script type=\"application\/ld+json\" class=\"yoast-schema-graph\">{\"@context\":\"https:\/\/schema.org\",\"@graph\":[{\"@type\":\"Organization\",\"@id\":\"https:\/\/www.drhaffani.com\/#organization\",\"name\":\"Cabinet dentaire Slim Haffani\",\"url\":\"https:\/\/www.drhaffani.com\/\",\"sameAs\":[\"https:\/\/www.instagram.com\/drhaffani\/\",\"https:\/\/www.youtube.com\/channel\/UCieqZVYE-XgO190H755uRvA\",\"https:\/\/www.facebook.com\/slim.h.cannes\/\"],\"logo\":{\"@type\":\"ImageObject\",\"inLanguage\":\"de\",\"@id\":\"https:\/\/www.drhaffani.com\/#\/schema\/logo\/image\/\",\"url\":\"https:\/\/www.drhaffani.com\/wp-content\/uploads\/2020\/06\/cabinet-slmi-haffani-08-1.jpg\",\"contentUrl\":\"https:\/\/www.drhaffani.com\/wp-content\/uploads\/2020\/06\/cabinet-slmi-haffani-08-1.jpg\",\"width\":500,\"height\":500,\"caption\":\"Cabinet dentaire Slim Haffani\"},\"image\":{\"@id\":\"https:\/\/www.drhaffani.com\/#\/schema\/logo\/image\/\"}},{\"@type\":\"WebSite\",\"@id\":\"https:\/\/www.drhaffani.com\/#website\",\"url\":\"https:\/\/www.drhaffani.com\/\",\"name\":\"Dr Slim Haffani Chirurgien Dentiste\",\"description\":\"Cabinet dentaire cannes\",\"publisher\":{\"@id\":\"https:\/\/www.drhaffani.com\/#organization\"},\"potentialAction\":[{\"@type\":\"SearchAction\",\"target\":{\"@type\":\"EntryPoint\",\"urlTemplate\":\"https:\/\/www.drhaffani.com\/?s={search_term_string}\"},\"query-input\":\"required name=search_term_string\"}],\"inLanguage\":\"de\"},{\"@type\":\"WebPage\",\"@id\":\"https:\/\/www.drhaffani.com\/navigation-3d\/?lang=de#webpage\",\"url\":\"https:\/\/www.drhaffani.com\/navigation-3d\/?lang=de\",\"name\":\"3D-Navigation - Dr Slim Haffani Chirurgien Dentiste\",\"isPartOf\":{\"@id\":\"https:\/\/www.drhaffani.com\/#website\"},\"datePublished\":\"2021-09-30T12:07:57+00:00\",\"dateModified\":\"2021-10-18T12:17:53+00:00\",\"breadcrumb\":{\"@id\":\"https:\/\/www.drhaffani.com\/navigation-3d\/?lang=de#breadcrumb\"},\"inLanguage\":\"de\",\"potentialAction\":[{\"@type\":\"ReadAction\",\"target\":[\"https:\/\/www.drhaffani.com\/navigation-3d\/?lang=de\"]}]},{\"@type\":\"BreadcrumbList\",\"@id\":\"https:\/\/www.drhaffani.com\/navigation-3d\/?lang=de#breadcrumb\",\"itemListElement\":[{\"@type\":\"ListItem\",\"position\":1,\"name\":\"Accueil\",\"item\":\"https:\/\/www.drhaffani.com\/?lang=de\"},{\"@type\":\"ListItem\",\"position\":2,\"name\":\"3D-Navigation\"}]}]}<\/script>\n<!-- \/ Yoast SEO plugin. -->","yoast_head_json":{"title":"3D-Navigation - Dr Slim Haffani Chirurgien Dentiste","robots":{"index":"index","follow":"follow","max-snippet":"max-snippet:-1","max-image-preview":"max-image-preview:large","max-video-preview":"max-video-preview:-1"},"canonical":"https:\/\/www.drhaffani.com\/navigation-3d\/?lang=de","og_locale":"de_DE","og_type":"article","og_title":"3D-Navigation - Dr Slim Haffani Chirurgien Dentiste","og_description":"[vc_row type=&#8220;in_container&#8220; full_screen_row_position=&#8220;middle&#8220; column_margin=&#8220;default&#8220; column_direction=&#8220;default&#8220; column_direction_tablet=&#8220;default&#8220; column_direction_phone=&#8220;default&#8220; scene_position=&#8220;center&#8220; text_color=&#8220;dark&#8220; text_align=&#8220;left&#8220; row_border_radius=&#8220;none&#8220; row_border_radius_applies=&#8220;bg&#8220; overlay_strength=&#8220;0.3&#8243; gradient_direction=&#8220;left_to_right&#8220; shape_divider_position=&#8220;bottom&#8220; bg_image_animation=&#8220;none&#8220;][vc_column column_padding=&#8220;no-extra-padding&#8220; column_padding_tablet=&#8220;inherit&#8220; column_padding_phone=&#8220;inherit&#8220; column_padding_position=&#8220;all&#8220; background_color_opacity=&#8220;1&#8243; background_hover_color_opacity=&#8220;1&#8243; column_shadow=&#8220;none&#8220; column_border_radius=&#8220;none&#8220; column_link_target=&#8220;_self&#8220; gradient_direction=&#8220;left_to_right&#8220; overlay_strength=&#8220;0.3&#8243; width=&#8220;1\/1&#8243; tablet_width_inherit=&#8220;default&#8220; tablet_text_alignment=&#8220;default&#8220;...","og_url":"https:\/\/www.drhaffani.com\/navigation-3d\/?lang=de","og_site_name":"Dr Slim Haffani Chirurgien Dentiste","article_publisher":"https:\/\/www.facebook.com\/slim.h.cannes\/","article_modified_time":"2021-10-18T12:17:53+00:00","twitter_card":"summary_large_image","twitter_misc":{"Gesch\u00e4tzte Lesezeit":"4\u00a0Minuten"},"schema":{"@context":"https:\/\/schema.org","@graph":[{"@type":"Organization","@id":"https:\/\/www.drhaffani.com\/#organization","name":"Cabinet dentaire Slim Haffani","url":"https:\/\/www.drhaffani.com\/","sameAs":["https:\/\/www.instagram.com\/drhaffani\/","https:\/\/www.youtube.com\/channel\/UCieqZVYE-XgO190H755uRvA","https:\/\/www.facebook.com\/slim.h.cannes\/"],"logo":{"@type":"ImageObject","inLanguage":"de","@id":"https:\/\/www.drhaffani.com\/#\/schema\/logo\/image\/","url":"https:\/\/www.drhaffani.com\/wp-content\/uploads\/2020\/06\/cabinet-slmi-haffani-08-1.jpg","contentUrl":"https:\/\/www.drhaffani.com\/wp-content\/uploads\/2020\/06\/cabinet-slmi-haffani-08-1.jpg","width":500,"height":500,"caption":"Cabinet dentaire Slim Haffani"},"image":{"@id":"https:\/\/www.drhaffani.com\/#\/schema\/logo\/image\/"}},{"@type":"WebSite","@id":"https:\/\/www.drhaffani.com\/#website","url":"https:\/\/www.drhaffani.com\/","name":"Dr Slim Haffani Chirurgien Dentiste","description":"Cabinet dentaire cannes","publisher":{"@id":"https:\/\/www.drhaffani.com\/#organization"},"potentialAction":[{"@type":"SearchAction","target":{"@type":"EntryPoint","urlTemplate":"https:\/\/www.drhaffani.com\/?s={search_term_string}"},"query-input":"required name=search_term_string"}],"inLanguage":"de"},{"@type":"WebPage","@id":"https:\/\/www.drhaffani.com\/navigation-3d\/?lang=de#webpage","url":"https:\/\/www.drhaffani.com\/navigation-3d\/?lang=de","name":"3D-Navigation - Dr Slim Haffani Chirurgien Dentiste","isPartOf":{"@id":"https:\/\/www.drhaffani.com\/#website"},"datePublished":"2021-09-30T12:07:57+00:00","dateModified":"2021-10-18T12:17:53+00:00","breadcrumb":{"@id":"https:\/\/www.drhaffani.com\/navigation-3d\/?lang=de#breadcrumb"},"inLanguage":"de","potentialAction":[{"@type":"ReadAction","target":["https:\/\/www.drhaffani.com\/navigation-3d\/?lang=de"]}]},{"@type":"BreadcrumbList","@id":"https:\/\/www.drhaffani.com\/navigation-3d\/?lang=de#breadcrumb","itemListElement":[{"@type":"ListItem","position":1,"name":"Accueil","item":"https:\/\/www.drhaffani.com\/?lang=de"},{"@type":"ListItem","position":2,"name":"3D-Navigation"}]}]}},"_links":{"self":[{"href":"https:\/\/www.drhaffani.com\/de\/wp-json\/wp\/v2\/pages\/2671","targetHints":{"allow":["GET"]}}],"collection":[{"href":"https:\/\/www.drhaffani.com\/de\/wp-json\/wp\/v2\/pages"}],"about":[{"href":"https:\/\/www.drhaffani.com\/de\/wp-json\/wp\/v2\/types\/page"}],"author":[{"embeddable":true,"href":"https:\/\/www.drhaffani.com\/de\/wp-json\/wp\/v2\/users\/2"}],"replies":[{"embeddable":true,"href":"https:\/\/www.drhaffani.com\/de\/wp-json\/wp\/v2\/comments?post=2671"}],"version-history":[{"count":5,"href":"https:\/\/www.drhaffani.com\/de\/wp-json\/wp\/v2\/pages\/2671\/revisions"}],"predecessor-version":[{"id":2955,"href":"https:\/\/www.drhaffani.com\/de\/wp-json\/wp\/v2\/pages\/2671\/revisions\/2955"}],"wp:attachment":[{"href":"https:\/\/www.drhaffani.com\/de\/wp-json\/wp\/v2\/media?parent=2671"}],"curies":[{"name":"wp","href":"https:\/\/api.w.org\/{rel}","templated":true}]}}