{"id":2626,"date":"2021-09-30T13:54:31","date_gmt":"2021-09-30T11:54:31","guid":{"rendered":"https:\/\/www.drhaffani.com\/endodontie-cannes\/"},"modified":"2021-10-18T14:11:59","modified_gmt":"2021-10-18T12:11:59","slug":"endodontie-cannes","status":"publish","type":"page","link":"https:\/\/www.drhaffani.com\/de\/endodontie-cannes\/","title":{"rendered":"Endodontie"},"content":{"rendered":"[vc_row type=&#8220;in_container&#8220; full_screen_row_position=&#8220;middle&#8220; column_margin=&#8220;default&#8220; column_direction=&#8220;default&#8220; column_direction_tablet=&#8220;default&#8220; column_direction_phone=&#8220;default&#8220; scene_position=&#8220;center&#8220; text_color=&#8220;dark&#8220; text_align=&#8220;left&#8220; row_border_radius=&#8220;none&#8220; row_border_radius_applies=&#8220;bg&#8220; overlay_strength=&#8220;0.3&#8243; gradient_direction=&#8220;left_to_right&#8220; shape_divider_position=&#8220;bottom&#8220; bg_image_animation=&#8220;none&#8220;][vc_column column_padding=&#8220;no-extra-padding&#8220; column_padding_tablet=&#8220;inherit&#8220; column_padding_phone=&#8220;inherit&#8220; column_padding_position=&#8220;all&#8220; background_color_opacity=&#8220;1&#8243; background_hover_color_opacity=&#8220;1&#8243; column_shadow=&#8220;none&#8220; column_border_radius=&#8220;none&#8220; column_link_target=&#8220;_self&#8220; gradient_direction=&#8220;left_to_right&#8220; overlay_strength=&#8220;0.3&#8243; width=&#8220;1\/1&#8243; tablet_width_inherit=&#8220;default&#8220; tablet_text_alignment=&#8220;default&#8220; phone_text_alignment=&#8220;default&#8220; column_border_width=&#8220;none&#8220; column_border_style=&#8220;solid&#8220; bg_image_animation=&#8220;none&#8220;][divider line_type=&#8220;No Line&#8220; custom_height=&#8220;100&#8243;][\/vc_column][\/vc_row][vc_row type=&#8220;in_container&#8220; full_screen_row_position=&#8220;middle&#8220; column_margin=&#8220;default&#8220; column_direction=&#8220;default&#8220; column_direction_tablet=&#8220;default&#8220; column_direction_phone=&#8220;default&#8220; scene_position=&#8220;center&#8220; text_color=&#8220;dark&#8220; text_align=&#8220;left&#8220; row_border_radius=&#8220;none&#8220; row_border_radius_applies=&#8220;bg&#8220; overlay_strength=&#8220;0.3&#8243; gradient_direction=&#8220;left_to_right&#8220; shape_divider_position=&#8220;bottom&#8220; bg_image_animation=&#8220;none&#8220;][vc_column column_padding=&#8220;no-extra-padding&#8220; column_padding_tablet=&#8220;inherit&#8220; column_padding_phone=&#8220;inherit&#8220; column_padding_position=&#8220;all&#8220; background_color_opacity=&#8220;1&#8243; background_hover_color_opacity=&#8220;1&#8243; column_shadow=&#8220;none&#8220; column_border_radius=&#8220;none&#8220; column_link_target=&#8220;_self&#8220; gradient_direction=&#8220;left_to_right&#8220; overlay_strength=&#8220;0.3&#8243; width=&#8220;1\/1&#8243; tablet_width_inherit=&#8220;default&#8220; tablet_text_alignment=&#8220;default&#8220; phone_text_alignment=&#8220;default&#8220; column_border_width=&#8220;none&#8220; column_border_style=&#8220;solid&#8220; bg_image_animation=&#8220;none&#8220;][split_line_heading animation_type=&#8220;default&#8220;]\n<h1><span style=\"color: #000000;\">Endodontie<\/span><\/h1>\n[\/split_line_heading][divider line_type=&#8220;Small Line&#8220; line_alignment=&#8220;default&#8220; line_thickness=&#8220;1&#8243; divider_color=&#8220;extra-color-1&#8243; custom_line_width=&#8220;150&#8243; custom_height=&#8220;100&#8243;][vc_column_text]<span style=\"color: #000000;\">Die Endodontie ist ein Fachgebiet der Zahnmedizin, die sich mit den Erkrankungen des Zahnnervs besch\u00e4ftigt.<\/span><\/p>\n<p><span style=\"color: #000000;\">Das Innere des Zahns beinhaltet die &#8222;<strong>dentale Pulpa<\/strong>&#8222;, die aus Gef\u00e4\u00dfen und Nervenfasern besteht.<\/span><br \/>\n<span style=\"color: #000000;\">Die Pulpa erstreckt sich von der Zahnkrone bis in die Zahnwurzeln und kommuniziert \u00fcber die Wurzelspitzen mit dem umliegenden Gewebe.<\/span><\/p>\n<p><span style=\"color: #000000;\"><strong>Erkrankungen des Endodonts<\/strong> (des inneren Teils des Zahns) \u00e4u\u00dfern sich durch eine Entz\u00fcndung oder Infektion des Wurzelkanalsystems, das die <strong>Zahnpulpa enth\u00e4lt<\/strong>. <strong>Diese Erkrankung kann<\/strong> sich durch heftige <\/span>[\/vc_column_text][\/vc_column][\/vc_row][vc_row type=&#8220;full_width_background&#8220; full_screen_row_position=&#8220;middle&#8220; column_margin=&#8220;default&#8220; equal_height=&#8220;yes&#8220; column_direction=&#8220;default&#8220; column_direction_tablet=&#8220;default&#8220; column_direction_phone=&#8220;default&#8220; bg_color=&#8220;#ffffff&#8220; scene_position=&#8220;center&#8220; text_color=&#8220;dark&#8220; text_align=&#8220;left&#8220; row_border_radius=&#8220;none&#8220; row_border_radius_applies=&#8220;bg&#8220; enable_gradient=&#8220;true&#8220; color_overlay=&#8220;#ffffff&#8220; overlay_strength=&#8220;0.3&#8243; gradient_direction=&#8220;left_to_right&#8220; shape_divider_position=&#8220;bottom&#8220; bg_image_animation=&#8220;none&#8220; parallax_bg=&#8220;true&#8220; parallax_bg_speed=&#8220;slow&#8220; shape_type=&#8220;&#8220;][vc_column column_padding=&#8220;no-extra-padding&#8220; column_padding_tablet=&#8220;inherit&#8220; column_padding_phone=&#8220;inherit&#8220; column_padding_position=&#8220;all&#8220; background_color_opacity=&#8220;1&#8243; background_hover_color_opacity=&#8220;1&#8243; column_shadow=&#8220;none&#8220; column_border_radius=&#8220;none&#8220; column_link_target=&#8220;_self&#8220; gradient_direction=&#8220;left_to_right&#8220; overlay_strength=&#8220;0.3&#8243; width=&#8220;1\/2&#8243; tablet_width_inherit=&#8220;default&#8220; tablet_text_alignment=&#8220;default&#8220; phone_text_alignment=&#8220;default&#8220; column_border_width=&#8220;none&#8220; column_border_style=&#8220;solid&#8220; bg_image_animation=&#8220;none&#8220;][vc_column_text]<span style=\"color: #000000;\">Zahnschmerzen \u00e4u\u00dfern und kann sich zu einem Abszess ausbilden. Im Laufe der Zeit kann sich eine endodontische Infektion zu einem chronischen Abszess entwickeln, der auf nat\u00fcrliche Weise \u00fcber das Zahnfleisch abflie\u00dft. Dieser Zustand kann mit einer chemischen und <strong>mechanischen Behandlung<\/strong> des Wurzelkanalsystems behandelt werden, wobei das infizierte und bereits nekrotische Gewebe und die darin befindlichen Bakterien entfernt werden.<\/span><\/p>\n<p><span style=\"color: #000000;\"><strong>Die Pr\u00e4misse<\/strong> lautet dabei :<\/span><br \/>\n<span style=\"color: #000000;\">\u00ab Ein gut behandelter Zahn ist ein geretteter Zahn! \u00bb<\/span><\/p>\n<p><span style=\"color: #000000;\">Mit Hilfe eines <strong>3D Scan<\/strong> des zu behandelnden Zahnes k\u00f6nnen wir den genauen Verlauf Kan\u00e4le darstellen und nachvollziehen. Somit bleibt kein Kanal unbehandelt und der Versuch Ihren eigenen Zahn zu erhalten wird optimiert.<\/span><br \/>\n<span style=\"color: #000000;\">Wir bieten unseren Patienten eine hochwertige Behandlung unter Verwendung eines Operationsmikroskops (bis zu 40-fache Vergr\u00f6\u00dferung). <\/span><\/p>\n<p><span style=\"color: #000000;\">Dieses optische Hilfsmittel erm\u00f6glicht das Auffinden von Wurzeln und \u00c4sten, die mit dem blo\u00dfen Auge nicht zu erkennen sind.<\/span><br \/>\n<span style=\"color: #000000;\">Alle Behandlungen werden unter einem Kofferdam durchgef\u00fchrt, sodass ein Operationsfeld vorliegt, das den Zahn von der Mundh\u00f6hle isoliert.<\/span>[\/vc_column_text][\/vc_column][vc_column column_padding=&#8220;no-extra-padding&#8220; column_padding_tablet=&#8220;inherit&#8220; column_padding_phone=&#8220;inherit&#8220; column_padding_position=&#8220;left-right&#8220; background_color_opacity=&#8220;1&#8243; background_hover_color_opacity=&#8220;1&#8243; column_shadow=&#8220;none&#8220; column_border_radius=&#8220;5px&#8220; column_link_target=&#8220;_self&#8220; gradient_direction=&#8220;left_to_right&#8220; overlay_strength=&#8220;0.3&#8243; width=&#8220;1\/2&#8243; tablet_width_inherit=&#8220;default&#8220; tablet_text_alignment=&#8220;default&#8220; phone_text_alignment=&#8220;default&#8220; column_border_width=&#8220;none&#8220; bg_image_animation=&#8220;none&#8220;][image_with_animation image_url=&#8220;1755&#8243; animation=&#8220;Fade In&#8220; hover_animation=&#8220;zoom-crop&#8220; alignment=&#8220;center&#8220; img_link_large=&#8220;yes&#8220; border_radius=&#8220;none&#8220; box_shadow=&#8220;none&#8220; image_loading=&#8220;default&#8220; max_width=&#8220;100%&#8220; max_width_mobile=&#8220;default&#8220;][\/vc_column][\/vc_row][vc_row type=&#8220;in_container&#8220; full_screen_row_position=&#8220;middle&#8220; column_margin=&#8220;default&#8220; column_direction=&#8220;default&#8220; column_direction_tablet=&#8220;default&#8220; column_direction_phone=&#8220;default&#8220; scene_position=&#8220;center&#8220; text_color=&#8220;dark&#8220; text_align=&#8220;left&#8220; row_border_radius=&#8220;none&#8220; row_border_radius_applies=&#8220;bg&#8220; overlay_strength=&#8220;0.3&#8243; gradient_direction=&#8220;left_to_right&#8220; shape_divider_position=&#8220;bottom&#8220; bg_image_animation=&#8220;none&#8220;][vc_column column_padding=&#8220;no-extra-padding&#8220; column_padding_tablet=&#8220;inherit&#8220; column_padding_phone=&#8220;inherit&#8220; column_padding_position=&#8220;all&#8220; background_color_opacity=&#8220;1&#8243; background_hover_color_opacity=&#8220;1&#8243; column_shadow=&#8220;none&#8220; column_border_radius=&#8220;none&#8220; column_link_target=&#8220;_self&#8220; gradient_direction=&#8220;left_to_right&#8220; overlay_strength=&#8220;0.3&#8243; width=&#8220;1\/1&#8243; tablet_width_inherit=&#8220;default&#8220; tablet_text_alignment=&#8220;default&#8220; phone_text_alignment=&#8220;default&#8220; column_border_width=&#8220;none&#8220; column_border_style=&#8220;solid&#8220; bg_image_animation=&#8220;none&#8220;][divider line_type=&#8220;No Line&#8220;][\/vc_column][\/vc_row][vc_row type=&#8220;full_width_content&#8220; full_screen_row_position=&#8220;middle&#8220; column_margin=&#8220;default&#8220; column_direction=&#8220;default&#8220; column_direction_tablet=&#8220;default&#8220; column_direction_phone=&#8220;default&#8220; scene_position=&#8220;center&#8220; text_color=&#8220;dark&#8220; text_align=&#8220;left&#8220; row_border_radius=&#8220;none&#8220; row_border_radius_applies=&#8220;bg&#8220; overlay_strength=&#8220;0.3&#8243; gradient_direction=&#8220;left_to_right&#8220; shape_divider_position=&#8220;bottom&#8220; bg_image_animation=&#8220;none&#8220; shape_type=&#8220;&#8220;][vc_column column_padding=&#8220;no-extra-padding&#8220; column_padding_tablet=&#8220;inherit&#8220; column_padding_phone=&#8220;inherit&#8220; column_padding_position=&#8220;all&#8220; background_color_opacity=&#8220;1&#8243; background_hover_color_opacity=&#8220;1&#8243; column_shadow=&#8220;none&#8220; column_border_radius=&#8220;none&#8220; column_link_target=&#8220;_self&#8220; gradient_direction=&#8220;left_to_right&#8220; overlay_strength=&#8220;0.3&#8243; width=&#8220;1\/1&#8243; tablet_width_inherit=&#8220;default&#8220; tablet_text_alignment=&#8220;default&#8220; phone_text_alignment=&#8220;default&#8220; column_border_width=&#8220;none&#8220; column_border_style=&#8220;solid&#8220; bg_image_animation=&#8220;none&#8220;][vc_gallery type=&#8220;nectarslider_style&#8220; images=&#8220;591,592&#8243; image_loading=&#8220;default&#8220; bullet_navigation_style=&#8220;see_through&#8220; onclick=&#8220;link_no&#8220;][\/vc_column][\/vc_row][vc_row type=&#8220;in_container&#8220; full_screen_row_position=&#8220;middle&#8220; column_margin=&#8220;default&#8220; column_direction=&#8220;default&#8220; column_direction_tablet=&#8220;default&#8220; column_direction_phone=&#8220;default&#8220; scene_position=&#8220;center&#8220; text_color=&#8220;dark&#8220; text_align=&#8220;left&#8220; row_border_radius=&#8220;none&#8220; row_border_radius_applies=&#8220;bg&#8220; overlay_strength=&#8220;0.3&#8243; gradient_direction=&#8220;left_to_right&#8220; shape_divider_position=&#8220;bottom&#8220; bg_image_animation=&#8220;none&#8220;][vc_column column_padding=&#8220;no-extra-padding&#8220; column_padding_tablet=&#8220;inherit&#8220; column_padding_phone=&#8220;inherit&#8220; column_padding_position=&#8220;all&#8220; background_color_opacity=&#8220;1&#8243; background_hover_color_opacity=&#8220;1&#8243; column_shadow=&#8220;none&#8220; column_border_radius=&#8220;none&#8220; column_link_target=&#8220;_self&#8220; gradient_direction=&#8220;left_to_right&#8220; overlay_strength=&#8220;0.3&#8243; width=&#8220;1\/1&#8243; tablet_width_inherit=&#8220;default&#8220; tablet_text_alignment=&#8220;default&#8220; phone_text_alignment=&#8220;default&#8220; column_border_width=&#8220;none&#8220; column_border_style=&#8220;solid&#8220; bg_image_animation=&#8220;none&#8220;][divider line_type=&#8220;No Line&#8220; custom_height=&#8220;100&#8243;][\/vc_column][\/vc_row]\n","protected":false},"excerpt":{"rendered":"<p>[vc_row type=&#8220;in_container&#8220; full_screen_row_position=&#8220;middle&#8220; column_margin=&#8220;default&#8220; column_direction=&#8220;default&#8220; column_direction_tablet=&#8220;default&#8220; column_direction_phone=&#8220;default&#8220; scene_position=&#8220;center&#8220; text_color=&#8220;dark&#8220; text_align=&#8220;left&#8220; row_border_radius=&#8220;none&#8220; row_border_radius_applies=&#8220;bg&#8220; overlay_strength=&#8220;0.3&#8243; gradient_direction=&#8220;left_to_right&#8220; shape_divider_position=&#8220;bottom&#8220; bg_image_animation=&#8220;none&#8220;][vc_column column_padding=&#8220;no-extra-padding&#8220; column_padding_tablet=&#8220;inherit&#8220; column_padding_phone=&#8220;inherit&#8220; column_padding_position=&#8220;all&#8220; background_color_opacity=&#8220;1&#8243; background_hover_color_opacity=&#8220;1&#8243; column_shadow=&#8220;none&#8220; column_border_radius=&#8220;none&#8220; column_link_target=&#8220;_self&#8220; gradient_direction=&#8220;left_to_right&#8220; overlay_strength=&#8220;0.3&#8243; width=&#8220;1\/1&#8243; tablet_width_inherit=&#8220;default&#8220; tablet_text_alignment=&#8220;default&#8220;&#8230;<\/p>\n","protected":false},"author":2,"featured_media":0,"parent":0,"menu_order":0,"comment_status":"closed","ping_status":"closed","template":"","meta":{"_monsterinsights_skip_tracking":false,"_monsterinsights_sitenote_active":false,"_monsterinsights_sitenote_note":"","_monsterinsights_sitenote_category":0,"footnotes":""},"class_list":["post-2626","page","type-page","status-publish"],"yoast_head":"<!-- This site is optimized with the Yoast SEO plugin v19.1 - https:\/\/yoast.com\/wordpress\/plugins\/seo\/ -->\n<title>Endodontie - Dr Slim Haffani Chirurgien Dentiste<\/title>\n<meta name=\"robots\" content=\"index, follow, max-snippet:-1, max-image-preview:large, max-video-preview:-1\" \/>\n<link rel=\"canonical\" href=\"https:\/\/www.drhaffani.com\/endodontie-cannes\/?lang=de\" \/>\n<meta property=\"og:locale\" content=\"de_DE\" \/>\n<meta property=\"og:type\" content=\"article\" \/>\n<meta property=\"og:title\" content=\"Endodontie - Dr Slim Haffani Chirurgien Dentiste\" \/>\n<meta property=\"og:description\" content=\"[vc_row type=&#8220;in_container&#8220; full_screen_row_position=&#8220;middle&#8220; column_margin=&#8220;default&#8220; column_direction=&#8220;default&#8220; column_direction_tablet=&#8220;default&#8220; column_direction_phone=&#8220;default&#8220; scene_position=&#8220;center&#8220; text_color=&#8220;dark&#8220; text_align=&#8220;left&#8220; row_border_radius=&#8220;none&#8220; row_border_radius_applies=&#8220;bg&#8220; overlay_strength=&#8220;0.3&#8243; gradient_direction=&#8220;left_to_right&#8220; shape_divider_position=&#8220;bottom&#8220; bg_image_animation=&#8220;none&#8220;][vc_column column_padding=&#8220;no-extra-padding&#8220; column_padding_tablet=&#8220;inherit&#8220; column_padding_phone=&#8220;inherit&#8220; column_padding_position=&#8220;all&#8220; background_color_opacity=&#8220;1&#8243; background_hover_color_opacity=&#8220;1&#8243; column_shadow=&#8220;none&#8220; column_border_radius=&#8220;none&#8220; column_link_target=&#8220;_self&#8220; gradient_direction=&#8220;left_to_right&#8220; overlay_strength=&#8220;0.3&#8243; width=&#8220;1\/1&#8243; tablet_width_inherit=&#8220;default&#8220; tablet_text_alignment=&#8220;default&#8220;...\" \/>\n<meta property=\"og:url\" content=\"https:\/\/www.drhaffani.com\/endodontie-cannes\/?lang=de\" \/>\n<meta property=\"og:site_name\" content=\"Dr Slim Haffani Chirurgien Dentiste\" \/>\n<meta property=\"article:publisher\" content=\"https:\/\/www.facebook.com\/slim.h.cannes\/\" \/>\n<meta property=\"article:modified_time\" content=\"2021-10-18T12:11:59+00:00\" \/>\n<meta name=\"twitter:card\" content=\"summary_large_image\" \/>\n<meta name=\"twitter:label1\" content=\"Gesch\u00e4tzte Lesezeit\" \/>\n\t<meta name=\"twitter:data1\" content=\"6\u00a0Minuten\" \/>\n<script type=\"application\/ld+json\" class=\"yoast-schema-graph\">{\"@context\":\"https:\/\/schema.org\",\"@graph\":[{\"@type\":\"Organization\",\"@id\":\"https:\/\/www.drhaffani.com\/#organization\",\"name\":\"Cabinet dentaire Slim Haffani\",\"url\":\"https:\/\/www.drhaffani.com\/\",\"sameAs\":[\"https:\/\/www.instagram.com\/drhaffani\/\",\"https:\/\/www.youtube.com\/channel\/UCieqZVYE-XgO190H755uRvA\",\"https:\/\/www.facebook.com\/slim.h.cannes\/\"],\"logo\":{\"@type\":\"ImageObject\",\"inLanguage\":\"de\",\"@id\":\"https:\/\/www.drhaffani.com\/#\/schema\/logo\/image\/\",\"url\":\"https:\/\/www.drhaffani.com\/wp-content\/uploads\/2020\/06\/cabinet-slmi-haffani-08-1.jpg\",\"contentUrl\":\"https:\/\/www.drhaffani.com\/wp-content\/uploads\/2020\/06\/cabinet-slmi-haffani-08-1.jpg\",\"width\":500,\"height\":500,\"caption\":\"Cabinet dentaire Slim Haffani\"},\"image\":{\"@id\":\"https:\/\/www.drhaffani.com\/#\/schema\/logo\/image\/\"}},{\"@type\":\"WebSite\",\"@id\":\"https:\/\/www.drhaffani.com\/#website\",\"url\":\"https:\/\/www.drhaffani.com\/\",\"name\":\"Dr Slim Haffani Chirurgien Dentiste\",\"description\":\"Cabinet dentaire cannes\",\"publisher\":{\"@id\":\"https:\/\/www.drhaffani.com\/#organization\"},\"potentialAction\":[{\"@type\":\"SearchAction\",\"target\":{\"@type\":\"EntryPoint\",\"urlTemplate\":\"https:\/\/www.drhaffani.com\/?s={search_term_string}\"},\"query-input\":\"required name=search_term_string\"}],\"inLanguage\":\"de\"},{\"@type\":\"WebPage\",\"@id\":\"https:\/\/www.drhaffani.com\/endodontie-cannes\/?lang=de#webpage\",\"url\":\"https:\/\/www.drhaffani.com\/endodontie-cannes\/?lang=de\",\"name\":\"Endodontie - Dr Slim Haffani Chirurgien Dentiste\",\"isPartOf\":{\"@id\":\"https:\/\/www.drhaffani.com\/#website\"},\"datePublished\":\"2021-09-30T11:54:31+00:00\",\"dateModified\":\"2021-10-18T12:11:59+00:00\",\"breadcrumb\":{\"@id\":\"https:\/\/www.drhaffani.com\/endodontie-cannes\/?lang=de#breadcrumb\"},\"inLanguage\":\"de\",\"potentialAction\":[{\"@type\":\"ReadAction\",\"target\":[\"https:\/\/www.drhaffani.com\/endodontie-cannes\/?lang=de\"]}]},{\"@type\":\"BreadcrumbList\",\"@id\":\"https:\/\/www.drhaffani.com\/endodontie-cannes\/?lang=de#breadcrumb\",\"itemListElement\":[{\"@type\":\"ListItem\",\"position\":1,\"name\":\"Accueil\",\"item\":\"https:\/\/www.drhaffani.com\/?lang=de\"},{\"@type\":\"ListItem\",\"position\":2,\"name\":\"Endodontie\"}]}]}<\/script>\n<!-- \/ Yoast SEO plugin. -->","yoast_head_json":{"title":"Endodontie - Dr Slim Haffani Chirurgien Dentiste","robots":{"index":"index","follow":"follow","max-snippet":"max-snippet:-1","max-image-preview":"max-image-preview:large","max-video-preview":"max-video-preview:-1"},"canonical":"https:\/\/www.drhaffani.com\/endodontie-cannes\/?lang=de","og_locale":"de_DE","og_type":"article","og_title":"Endodontie - Dr Slim Haffani Chirurgien Dentiste","og_description":"[vc_row type=&#8220;in_container&#8220; full_screen_row_position=&#8220;middle&#8220; column_margin=&#8220;default&#8220; column_direction=&#8220;default&#8220; column_direction_tablet=&#8220;default&#8220; column_direction_phone=&#8220;default&#8220; scene_position=&#8220;center&#8220; text_color=&#8220;dark&#8220; text_align=&#8220;left&#8220; row_border_radius=&#8220;none&#8220; row_border_radius_applies=&#8220;bg&#8220; overlay_strength=&#8220;0.3&#8243; gradient_direction=&#8220;left_to_right&#8220; shape_divider_position=&#8220;bottom&#8220; bg_image_animation=&#8220;none&#8220;][vc_column column_padding=&#8220;no-extra-padding&#8220; column_padding_tablet=&#8220;inherit&#8220; column_padding_phone=&#8220;inherit&#8220; column_padding_position=&#8220;all&#8220; background_color_opacity=&#8220;1&#8243; background_hover_color_opacity=&#8220;1&#8243; column_shadow=&#8220;none&#8220; column_border_radius=&#8220;none&#8220; column_link_target=&#8220;_self&#8220; gradient_direction=&#8220;left_to_right&#8220; overlay_strength=&#8220;0.3&#8243; width=&#8220;1\/1&#8243; tablet_width_inherit=&#8220;default&#8220; tablet_text_alignment=&#8220;default&#8220;...","og_url":"https:\/\/www.drhaffani.com\/endodontie-cannes\/?lang=de","og_site_name":"Dr Slim Haffani Chirurgien Dentiste","article_publisher":"https:\/\/www.facebook.com\/slim.h.cannes\/","article_modified_time":"2021-10-18T12:11:59+00:00","twitter_card":"summary_large_image","twitter_misc":{"Gesch\u00e4tzte Lesezeit":"6\u00a0Minuten"},"schema":{"@context":"https:\/\/schema.org","@graph":[{"@type":"Organization","@id":"https:\/\/www.drhaffani.com\/#organization","name":"Cabinet dentaire Slim Haffani","url":"https:\/\/www.drhaffani.com\/","sameAs":["https:\/\/www.instagram.com\/drhaffani\/","https:\/\/www.youtube.com\/channel\/UCieqZVYE-XgO190H755uRvA","https:\/\/www.facebook.com\/slim.h.cannes\/"],"logo":{"@type":"ImageObject","inLanguage":"de","@id":"https:\/\/www.drhaffani.com\/#\/schema\/logo\/image\/","url":"https:\/\/www.drhaffani.com\/wp-content\/uploads\/2020\/06\/cabinet-slmi-haffani-08-1.jpg","contentUrl":"https:\/\/www.drhaffani.com\/wp-content\/uploads\/2020\/06\/cabinet-slmi-haffani-08-1.jpg","width":500,"height":500,"caption":"Cabinet dentaire Slim Haffani"},"image":{"@id":"https:\/\/www.drhaffani.com\/#\/schema\/logo\/image\/"}},{"@type":"WebSite","@id":"https:\/\/www.drhaffani.com\/#website","url":"https:\/\/www.drhaffani.com\/","name":"Dr Slim Haffani Chirurgien Dentiste","description":"Cabinet dentaire cannes","publisher":{"@id":"https:\/\/www.drhaffani.com\/#organization"},"potentialAction":[{"@type":"SearchAction","target":{"@type":"EntryPoint","urlTemplate":"https:\/\/www.drhaffani.com\/?s={search_term_string}"},"query-input":"required name=search_term_string"}],"inLanguage":"de"},{"@type":"WebPage","@id":"https:\/\/www.drhaffani.com\/endodontie-cannes\/?lang=de#webpage","url":"https:\/\/www.drhaffani.com\/endodontie-cannes\/?lang=de","name":"Endodontie - Dr Slim Haffani Chirurgien Dentiste","isPartOf":{"@id":"https:\/\/www.drhaffani.com\/#website"},"datePublished":"2021-09-30T11:54:31+00:00","dateModified":"2021-10-18T12:11:59+00:00","breadcrumb":{"@id":"https:\/\/www.drhaffani.com\/endodontie-cannes\/?lang=de#breadcrumb"},"inLanguage":"de","potentialAction":[{"@type":"ReadAction","target":["https:\/\/www.drhaffani.com\/endodontie-cannes\/?lang=de"]}]},{"@type":"BreadcrumbList","@id":"https:\/\/www.drhaffani.com\/endodontie-cannes\/?lang=de#breadcrumb","itemListElement":[{"@type":"ListItem","position":1,"name":"Accueil","item":"https:\/\/www.drhaffani.com\/?lang=de"},{"@type":"ListItem","position":2,"name":"Endodontie"}]}]}},"_links":{"self":[{"href":"https:\/\/www.drhaffani.com\/de\/wp-json\/wp\/v2\/pages\/2626","targetHints":{"allow":["GET"]}}],"collection":[{"href":"https:\/\/www.drhaffani.com\/de\/wp-json\/wp\/v2\/pages"}],"about":[{"href":"https:\/\/www.drhaffani.com\/de\/wp-json\/wp\/v2\/types\/page"}],"author":[{"embeddable":true,"href":"https:\/\/www.drhaffani.com\/de\/wp-json\/wp\/v2\/users\/2"}],"replies":[{"embeddable":true,"href":"https:\/\/www.drhaffani.com\/de\/wp-json\/wp\/v2\/comments?post=2626"}],"version-history":[{"count":7,"href":"https:\/\/www.drhaffani.com\/de\/wp-json\/wp\/v2\/pages\/2626\/revisions"}],"predecessor-version":[{"id":2937,"href":"https:\/\/www.drhaffani.com\/de\/wp-json\/wp\/v2\/pages\/2626\/revisions\/2937"}],"wp:attachment":[{"href":"https:\/\/www.drhaffani.com\/de\/wp-json\/wp\/v2\/media?parent=2626"}],"curies":[{"name":"wp","href":"https:\/\/api.w.org\/{rel}","templated":true}]}}